{"id":3501,"date":"2022-08-04T14:21:34","date_gmt":"2022-08-04T12:21:34","guid":{"rendered":"https:\/\/www.mrwho.mc\/?post_type=product&#038;p=3501"},"modified":"2026-01-20T10:48:08","modified_gmt":"2026-01-20T09:48:08","slug":"concrete-hold-matte","status":"publish","type":"product","link":"https:\/\/www.mrwho.mc\/en\/prodotto\/concrete-hold-matte\/","title":{"rendered":"REUZEL-CONCRETE HOLD MATTE POMADE-95 GR"},"content":{"rendered":"","protected":false},"excerpt":{"rendered":"<p>Concrete Hold Matte Pomade \u00e8 una cera per capelli a base d&#8217;acqua che offre una tenuta forte ma rimodellabile ed una finitura opaca. Non appesantisce il capello ed \u00e8 perfetta per donare struttura e definizione ai capelli pi\u00f9 fini. L&#8217;applicazione risulta pi\u00f9 semplice rispetto alle altre pomade opache di casa Reuzel.<\/p>\n","protected":false},"featured_media":5631,"comment_status":"open","ping_status":"closed","template":"","meta":[],"product_brand":[189],"product_cat":[129],"product_tag":[131,130],"class_list":{"0":"post-3501","1":"product","2":"type-product","3":"status-publish","4":"has-post-thumbnail","6":"product_brand-reuzel","7":"product_cat-capelli","8":"product_tag-capelli","9":"product_tag-cera","11":"first","12":"instock","13":"shipping-taxable","14":"purchasable","15":"product-type-simple"},"aioseo_notices":[],"_links":{"self":[{"href":"https:\/\/www.mrwho.mc\/en\/wp-json\/wp\/v2\/product\/3501","targetHints":{"allow":["GET"]}}],"collection":[{"href":"https:\/\/www.mrwho.mc\/en\/wp-json\/wp\/v2\/product"}],"about":[{"href":"https:\/\/www.mrwho.mc\/en\/wp-json\/wp\/v2\/types\/product"}],"replies":[{"embeddable":true,"href":"https:\/\/www.mrwho.mc\/en\/wp-json\/wp\/v2\/comments?post=3501"}],"wp:featuredmedia":[{"embeddable":true,"href":"https:\/\/www.mrwho.mc\/en\/wp-json\/wp\/v2\/media\/5631"}],"wp:attachment":[{"href":"https:\/\/www.mrwho.mc\/en\/wp-json\/wp\/v2\/media?parent=3501"}],"wp:term":[{"taxonomy":"product_brand","embeddable":true,"href":"https:\/\/www.mrwho.mc\/en\/wp-json\/wp\/v2\/product_brand?post=3501"},{"taxonomy":"product_cat","embeddable":true,"href":"https:\/\/www.mrwho.mc\/en\/wp-json\/wp\/v2\/product_cat?post=3501"},{"taxonomy":"product_tag","embeddable":true,"href":"https:\/\/www.mrwho.mc\/en\/wp-json\/wp\/v2\/product_tag?post=3501"}],"curies":[{"name":"wp","href":"https:\/\/api.w.org\/{rel}","templated":true}]}}